{"id":2,"date":"2008-05-05T14:11:32","date_gmt":"2008-05-05T12:11:32","guid":{"rendered":"http:\/\/ylle.mrt.ee\/?page_id=2"},"modified":"2020-12-29T14:44:47","modified_gmt":"2020-12-29T12:44:47","slug":"about","status":"publish","type":"page","link":"https:\/\/ylle.mrt.ee\/?page_id=2","title":{"rendered":"Seletusi"},"content":{"rendered":"<p>S\u00f5naseletusi:<\/p>\n<p>Mrt (emm-err-tee) &#8211; minu mees.<\/p>\n<p>Kmr (kaa-emm-err)\u00a0&#8211; minu poeg.<\/p>\n<p><strong>Retseptid on koondatud kategooriasse &#8220;N\u00e4pikud&#8221; <\/strong>ja<strong>\u00a0<\/strong>enamus selle alajaotuse postitusi j\u00e4\u00e4vad ligip\u00e4\u00e4setavaks k\u00f5igile. Muud kirjat\u00fckid peidan aja m\u00f6\u00f6dudes parooli alla turvalisuse kaalutlustel.<\/p>\n<p>Siinse blogi pildid ja tekstid on blogi autori omad (kui puudub viide kellegi teise autorlusele) ja nende kasutamiseks k\u00fcsi luba: ylle@mrt.ee.<\/p>\n<p>Selle blogi lisamine mistahes blogikataloogidesse ei ole lubatud.<\/p>\n","protected":false},"excerpt":{"rendered":"<p>S\u00f5naseletusi: Mrt (emm-err-tee) &#8211; minu mees. Kmr (kaa-emm-err)\u00a0&#8211; minu poeg. Retseptid on koondatud kategooriasse &#8220;N\u00e4pikud&#8221; ja\u00a0enamus selle alajaotuse postitusi j\u00e4\u00e4vad ligip\u00e4\u00e4setavaks k\u00f5igile. Muud kirjat\u00fckid peidan aja m\u00f6\u00f6dudes parooli alla turvalisuse kaalutlustel. Siinse blogi pildid ja tekstid on blogi autori omad (kui puudub viide kellegi teise autorlusele) ja nende kasutamiseks k\u00fcsi luba: ylle@mrt.ee. Selle blogi lisamine [&hellip;]<\/p>\n","protected":false},"author":2,"featured_media":0,"parent":0,"menu_order":0,"comment_status":"closed","ping_status":"closed","template":"","meta":{"footnotes":""},"class_list":["post-2","page","type-page","status-publish","hentry"],"_links":{"self":[{"href":"https:\/\/ylle.mrt.ee\/index.php?rest_route=\/wp\/v2\/pages\/2","targetHints":{"allow":["GET"]}}],"collection":[{"href":"https:\/\/ylle.mrt.ee\/index.php?rest_route=\/wp\/v2\/pages"}],"about":[{"href":"https:\/\/ylle.mrt.ee\/index.php?rest_route=\/wp\/v2\/types\/page"}],"author":[{"embeddable":true,"href":"https:\/\/ylle.mrt.ee\/index.php?rest_route=\/wp\/v2\/users\/2"}],"replies":[{"embeddable":true,"href":"https:\/\/ylle.mrt.ee\/index.php?rest_route=%2Fwp%2Fv2%2Fcomments&post=2"}],"version-history":[{"count":5,"href":"https:\/\/ylle.mrt.ee\/index.php?rest_route=\/wp\/v2\/pages\/2\/revisions"}],"predecessor-version":[{"id":13481,"href":"https:\/\/ylle.mrt.ee\/index.php?rest_route=\/wp\/v2\/pages\/2\/revisions\/13481"}],"wp:attachment":[{"href":"https:\/\/ylle.mrt.ee\/index.php?rest_route=%2Fwp%2Fv2%2Fmedia&parent=2"}],"curies":[{"name":"wp","href":"https:\/\/api.w.org\/{rel}","templated":true}]}}